{"id":18977,"date":"2025-03-04T12:07:59","date_gmt":"2025-03-04T12:07:59","guid":{"rendered":"https:\/\/rgpd.com\/articulo-27-evaluacion-de-impacto-relativa-a-los-derechos-fundamentales-para-los-sistemas-de-ia-de-alto-riesgo\/"},"modified":"2025-03-04T18:19:36","modified_gmt":"2025-03-04T18:19:36","slug":"articulo-27-evaluacion-de-impacto-relativa-a-los-derechos-fundamentales-para-los-sistemas-de-ia-de-alto-riesgo","status":"publish","type":"page","link":"https:\/\/rgpd.com\/es\/reglamento-de-inteligencia-artificial\/capitulo-3-sistemas-de-ia-de-alto-riesgo\/articulo-27-evaluacion-de-impacto-relativa-a-los-derechos-fundamentales-para-los-sistemas-de-ia-de-alto-riesgo\/","title":{"rendered":"Art\u00edculo\u00a027: Evaluaci\u00f3n de impacto relativa a\u00a0los derechos fundamentales para los sistemas de\u00a0IA de alto riesgo"},"content":{"rendered":"<p class=\"oj-normal\">1.\u00a0\u00a0\u00a0Antes de desplegar uno de los sistemas de\u00a0IA de alto riesgo a\u00a0que se refiere el art\u00edculo\u00a06, apartado\u00a02, con excepci\u00f3n de los sistemas de\u00a0IA de alto riesgo destinados a\u00a0ser utilizados en el \u00e1mbito enumerado en el anexo\u00a0III, punto\u00a02, los responsables del despliegue que sean organismos de Derecho p\u00fablico, o\u00a0entidades privadas que prestan servicios p\u00fablicos, y los responsable del despliegue de sistemas de\u00a0IA de alto riesgo a\u00a0que se refiere el anexo\u00a0III, punto\u00a05, letras\u00a0b) y\u00a0c), llevar\u00e1n a\u00a0cabo una evaluaci\u00f3n del impacto que la utilizaci\u00f3n de dichos sistemas puede tener en los derechos fundamentales. A\u00a0tal fin, los responsables del despliegue llevar\u00e1n a\u00a0cabo una evaluaci\u00f3n que consistir\u00e1 en:<\/p>\n<table border=\"0\" cellpadding=\"0\" cellspacing=\"0\" width=\"100%\">\n<col width=\"4%\"\/>\n<col width=\"96%\"\/>\n<tbody>\n<tr>\n<td valign=\"top\">\n<p class=\"oj-normal\">a)<\/p>\n<\/td>\n<td valign=\"top\">\n<p class=\"oj-normal\">una descripci\u00f3n de los procesos del responsable del despliegue en los que se utilizar\u00e1 el sistema de\u00a0IA de alto riesgo en consonancia con su finalidad prevista;<\/p>\n<\/td>\n<\/tr>\n<\/tbody>\n<\/table>\n<table border=\"0\" cellpadding=\"0\" cellspacing=\"0\" width=\"100%\">\n<col width=\"4%\"\/>\n<col width=\"96%\"\/>\n<tbody>\n<tr>\n<td valign=\"top\">\n<p class=\"oj-normal\">b)<\/p>\n<\/td>\n<td valign=\"top\">\n<p class=\"oj-normal\">una descripci\u00f3n del per\u00edodo de tiempo durante el cual se prev\u00e9 utilizar cada sistema de\u00a0IA de alto riesgo y la frecuencia con la que est\u00e1 previsto utilizarlo;<\/p>\n<\/td>\n<\/tr>\n<\/tbody>\n<\/table>\n<table border=\"0\" cellpadding=\"0\" cellspacing=\"0\" width=\"100%\">\n<col width=\"4%\"\/>\n<col width=\"96%\"\/>\n<tbody>\n<tr>\n<td valign=\"top\">\n<p class=\"oj-normal\">c)<\/p>\n<\/td>\n<td valign=\"top\">\n<p class=\"oj-normal\">las categor\u00edas de personas f\u00edsicas y colectivos que puedan verse afectados por su utilizaci\u00f3n en el contexto espec\u00edfico;<\/p>\n<\/td>\n<\/tr>\n<\/tbody>\n<\/table>\n<table border=\"0\" cellpadding=\"0\" cellspacing=\"0\" width=\"100%\">\n<col width=\"4%\"\/>\n<col width=\"96%\"\/>\n<tbody>\n<tr>\n<td valign=\"top\">\n<p class=\"oj-normal\">d)<\/p>\n<\/td>\n<td valign=\"top\">\n<p class=\"oj-normal\">los riesgos de perjuicio espec\u00edficos que puedan afectar a\u00a0las categor\u00edas de personas f\u00edsicas y colectivos determinadas con arreglo a\u00a0la letra\u00a0c) del presente apartado, teniendo en cuenta la informaci\u00f3n facilitada por el proveedor con arreglo al art\u00edculo\u00a013;<\/p>\n<\/td>\n<\/tr>\n<\/tbody>\n<\/table>\n<table border=\"0\" cellpadding=\"0\" cellspacing=\"0\" width=\"100%\">\n<col width=\"4%\"\/>\n<col width=\"96%\"\/>\n<tbody>\n<tr>\n<td valign=\"top\">\n<p class=\"oj-normal\">e)<\/p>\n<\/td>\n<td valign=\"top\">\n<p class=\"oj-normal\">una descripci\u00f3n de la aplicaci\u00f3n de medidas de supervisi\u00f3n humana, de acuerdo con las instrucciones de uso;<\/p>\n<\/td>\n<\/tr>\n<\/tbody>\n<\/table>\n<table border=\"0\" cellpadding=\"0\" cellspacing=\"0\" width=\"100%\">\n<col width=\"4%\"\/>\n<col width=\"96%\"\/>\n<tbody>\n<tr>\n<td valign=\"top\">\n<p class=\"oj-normal\">f)<\/p>\n<\/td>\n<td valign=\"top\">\n<p class=\"oj-normal\">las medidas que deben adoptarse en caso de que dichos riesgos se materialicen, incluidos los acuerdos de gobernanza interna y los mecanismos de reclamaci\u00f3n.<\/p>\n<\/td>\n<\/tr>\n<\/tbody>\n<\/table>\n<p class=\"oj-normal\">2.\u00a0\u00a0\u00a0La obligaci\u00f3n descrita con arreglo al apartado\u00a01 se aplicar\u00e1 al primer uso del sistema de\u00a0IA de alto riesgo. En casos similares, el responsable del despliegue podr\u00e1 basarse en evaluaciones de impacto relativas a\u00a0los derechos fundamentales realizadas previamente o\u00a0a evaluaciones de impacto existentes realizadas por los proveedores. Si, durante el uso del sistema de\u00a0IA de alto riesgo, el responsable del despliegue considera que alguno de los elementos enumerados en el apartado\u00a01 ha cambiado o\u00a0ha dejado de estar actualizado, adoptar\u00e1 las medidas necesarias para actualizar la informaci\u00f3n.<\/p>\n<p class=\"oj-normal\">3.\u00a0\u00a0\u00a0Una vez realizada la evaluaci\u00f3n a\u00a0que se refiere el apartado\u00a01 del presente art\u00edculo, el responsable del despliegue notificar\u00e1 sus resultados a\u00a0la autoridad de vigilancia del mercado, presentando el modelo cumplimentado a\u00a0que se refiere el apartado\u00a05 del presente art\u00edculo. En el caso contemplado en el art\u00edculo\u00a046, apartado\u00a01, los responsables del despliegue podr\u00e1n quedar exentos de esta obligaci\u00f3n de notificaci\u00f3n.<\/p>\n<p class=\"oj-normal\">4.\u00a0\u00a0\u00a0Si ya se cumple cualquiera de las obligaciones establecidas en el presente art\u00edculo mediante la evaluaci\u00f3n de impacto relativa a\u00a0la protecci\u00f3n de datos realizada con arreglo al art\u00edculo\u00a035 del Reglamento (UE)\u00a02016\/679 o\u00a0del art\u00edculo\u00a027 de la Directiva (UE)\u00a02016\/680, la evaluaci\u00f3n de impacto relativa a\u00a0los derechos fundamentales a\u00a0que se refiere el apartado\u00a01 del presente art\u00edculo complementar\u00e1 dicha evaluaci\u00f3n de impacto relativa a\u00a0la protecci\u00f3n de datos.<\/p>\n<p class=\"oj-normal\">5.\u00a0\u00a0\u00a0La Oficina de\u00a0IA elaborar\u00e1 un modelo de cuestionario, tambi\u00e9n mediante una herramienta automatizada, a\u00a0fin de facilitar que los responsables del despliegue cumplan sus obligaciones en virtud del presente art\u00edculo de manera simplificada.<\/p>\n","protected":false},"excerpt":{"rendered":"<p>El Art\u00edculo 27 de la Ley de IA establece que las entidades p\u00fablicas y privadas que utilizan inteligencia artificial de alto riesgo deben evaluar previamente el impacto en los derechos fundamentales. La evaluaci\u00f3n identifica qui\u00e9n podr\u00eda resultar afectado, posibles peligros espec\u00edficos y medidas preventivas o correctivas, que deben reportarse a las autoridades competentes.<\/p>\n","protected":false},"author":1,"featured_media":0,"parent":18799,"menu_order":0,"comment_status":"closed","ping_status":"closed","template":"","meta":{"_seopress_robots_primary_cat":"","_seopress_titles_title":"","_seopress_titles_desc":"","_seopress_robots_index":"","footnotes":""},"class_list":["post-18977","page","type-page","status-publish","hentry"],"_links":{"self":[{"href":"https:\/\/rgpd.com\/es\/wp-json\/wp\/v2\/pages\/18977","targetHints":{"allow":["GET"]}}],"collection":[{"href":"https:\/\/rgpd.com\/es\/wp-json\/wp\/v2\/pages"}],"about":[{"href":"https:\/\/rgpd.com\/es\/wp-json\/wp\/v2\/types\/page"}],"author":[{"embeddable":true,"href":"https:\/\/rgpd.com\/es\/wp-json\/wp\/v2\/users\/1"}],"replies":[{"embeddable":true,"href":"https:\/\/rgpd.com\/es\/wp-json\/wp\/v2\/comments?post=18977"}],"version-history":[{"count":0,"href":"https:\/\/rgpd.com\/es\/wp-json\/wp\/v2\/pages\/18977\/revisions"}],"up":[{"embeddable":true,"href":"https:\/\/rgpd.com\/es\/wp-json\/wp\/v2\/pages\/18799"}],"wp:attachment":[{"href":"https:\/\/rgpd.com\/es\/wp-json\/wp\/v2\/media?parent=18977"}],"curies":[{"name":"wp","href":"https:\/\/api.w.org\/{rel}","templated":true}]}}